{"id":427,"date":"2024-07-19T13:11:02","date_gmt":"2024-07-19T13:11:02","guid":{"rendered":"https:\/\/bricksaffinity.com\/politica-de-privacidade\/"},"modified":"2025-03-12T13:09:33","modified_gmt":"2025-03-12T13:09:33","slug":"politica-de-privacidade","status":"publish","type":"page","link":"https:\/\/bricksaffinity.com\/pt-pt\/politica-de-privacidade\/","title":{"rendered":"Pol\u00edtica de Privacidade"},"content":{"rendered":"<p><div class=\"fusion-fullwidth fullwidth-box fusion-builder-row-1 fusion-flex-container has-pattern-background has-mask-background fusion-parallax-none nonhundred-percent-fullwidth non-hundred-percent-height-scrolling\" style=\"--awb-border-radius-top-left:0px;--awb-border-radius-top-right:0px;--awb-border-radius-bottom-right:0px;--awb-border-radius-bottom-left:0px;--awb-padding-top:8%;--awb-padding-bottom:9%;--awb-margin-top:-60px;--awb-background-image:url(&quot;\/wp-content\/uploads\/2024\/08\/face.jpg&quot;);--awb-background-size:cover;--awb-flex-wrap:wrap;\" ><div class=\"fusion-builder-row fusion-row fusion-flex-align-items-flex-start fusion-flex-content-wrap\" style=\"max-width:1248px;margin-left: calc(-4% \/ 2 );margin-right: calc(-4% \/ 2 );\"><div class=\"fusion-layout-column fusion_builder_column fusion-builder-column-0 fusion_builder_column_1_1 1_1 fusion-flex-column\" style=\"--awb-bg-size:cover;--awb-width-large:100%;--awb-margin-top-large:0px;--awb-spacing-right-large:1.92%;--awb-margin-bottom-large:20px;--awb-spacing-left-large:1.92%;--awb-width-medium:100%;--awb-order-medium:0;--awb-spacing-right-medium:1.92%;--awb-spacing-left-medium:1.92%;--awb-width-small:100%;--awb-order-small:0;--awb-spacing-right-small:1.92%;--awb-spacing-left-small:1.92%;\"><div class=\"fusion-column-wrapper fusion-column-has-shadow fusion-flex-justify-content-flex-start fusion-content-layout-column\"><div class=\"fusion-title title fusion-title-1 fusion-sep-none fusion-title-text fusion-title-size-one\" style=\"--awb-text-color:var(--awb-color8);--awb-font-size:35pt;\"><h1 class=\"fusion-title-heading title-heading-left\" style=\"margin:0;font-size:1em;\">Pol\u00edtica de Privacidade<\/h1><\/div><\/div><\/div><\/div><\/div><div class=\"fusion-fullwidth fullwidth-box fusion-builder-row-2 fusion-flex-container has-pattern-background has-mask-background nonhundred-percent-fullwidth non-hundred-percent-height-scrolling\" style=\"--awb-border-radius-top-left:0px;--awb-border-radius-top-right:0px;--awb-border-radius-bottom-right:0px;--awb-border-radius-bottom-left:0px;--awb-flex-wrap:wrap;\" ><div class=\"fusion-builder-row fusion-row fusion-flex-align-items-flex-start fusion-flex-justify-content-center fusion-flex-content-wrap\" style=\"max-width:1248px;margin-left: calc(-4% \/ 2 );margin-right: calc(-4% \/ 2 );\"><div class=\"fusion-layout-column fusion_builder_column fusion-builder-column-1 fusion_builder_column_2_3 2_3 fusion-flex-column\" style=\"--awb-bg-size:cover;--awb-width-large:66.666666666667%;--awb-margin-top-large:0px;--awb-spacing-right-large:2.88%;--awb-margin-bottom-large:0px;--awb-spacing-left-large:2.88%;--awb-width-medium:66.666666666667%;--awb-order-medium:0;--awb-spacing-right-medium:2.88%;--awb-spacing-left-medium:2.88%;--awb-width-small:100%;--awb-order-small:0;--awb-spacing-right-small:1.92%;--awb-spacing-left-small:1.92%;\" data-scroll-devices=\"small-visibility,medium-visibility,large-visibility\"><div class=\"fusion-column-wrapper fusion-column-has-shadow fusion-flex-justify-content-flex-start fusion-content-layout-column\"><div class=\"fusion-text fusion-text-1\" style=\"--awb-text-color:var(--awb-color3);\"><p>h2>1. Privacidade de Dados em Resumo<\/h2>\n<h3>Informa\u00e7\u00f5es Gerais<\/h3>\n<p>As seguintes informa\u00e7\u00f5es fornecem uma vis\u00e3o geral simples sobre o que acontece com seus dados pessoais quando voc\u00ea visita este site. Dados pessoais s\u00e3o todas as informa\u00e7\u00f5es que podem ser usadas para identificar voc\u00ea pessoalmente. Para informa\u00e7\u00f5es mais detalhadas sobre privacidade de dados, consulte nossa declara\u00e7\u00e3o de privacidade listada abaixo deste texto.<\/p>\n<h3>Coleta de Dados neste Site<\/h3>\n<h4>Quem \u00e9 respons\u00e1vel pela coleta de dados neste site?<\/h4>\n<p>A coleta de dados neste site \u00e9 realizada pelo propriet\u00e1rio do site. Os dados de contato podem ser encontrados na se\u00e7\u00e3o &#8220;Respons\u00e1vel pela Coleta de Dados&#8221; nesta declara\u00e7\u00e3o de privacidade.<\/p>\n<h4>Como coletamos seus dados?<\/h4>\n<p>Seus dados s\u00e3o coletados de duas maneiras: em primeiro lugar, quando voc\u00ea nos fornece essas informa\u00e7\u00f5es, como ao preencher um formul\u00e1rio de contato.<\/p>\n<p>Outros dados s\u00e3o coletados automaticamente ou com seu consentimento ao visitar o site, atrav\u00e9s de nossos sistemas de TI. Estes s\u00e3o principalmente dados t\u00e9cnicos (como navegador de internet, sistema operacional ou hora de acesso \u00e0 p\u00e1gina). A coleta desses dados ocorre automaticamente assim que voc\u00ea acessa este site.<\/p>\n<h4>Para que usamos seus dados?<\/h4>\n<p>Parte dos dados \u00e9 coletada para garantir que o site seja fornecido de maneira adequada. Outros dados podem ser usados para analisar seu comportamento de uso.<\/p>\n<h4>Quais direitos voc\u00ea tem em rela\u00e7\u00e3o aos seus dados?<\/h4>\n<p>Voc\u00ea tem o direito de obter, a qualquer momento e sem custos, informa\u00e7\u00f5es sobre a origem, os destinat\u00e1rios e a finalidade dos seus dados pessoais armazenados. Voc\u00ea tamb\u00e9m tem o direito de solicitar a corre\u00e7\u00e3o ou exclus\u00e3o desses dados. Se voc\u00ea deu seu consentimento para o processamento de dados, pode revog\u00e1-lo a qualquer momento para o futuro. Al\u00e9m disso, voc\u00ea tem o direito de solicitar a limita\u00e7\u00e3o do processamento de seus dados pessoais em determinadas circunst\u00e2ncias. Voc\u00ea tamb\u00e9m tem o direito de apresentar uma queixa \u00e0 autoridade de supervis\u00e3o competente.<\/p>\n<h3>Ferramentas de An\u00e1lise e Ferramentas de Terceiros<\/h3>\n<p>Quando voc\u00ea visita este site, seu comportamento de navega\u00e7\u00e3o pode ser analisado estatisticamente. Isso \u00e9 feito principalmente atrav\u00e9s de programas de an\u00e1lise.<\/p>\n<p>Informa\u00e7\u00f5es detalhadas sobre esses programas de an\u00e1lise podem ser encontradas na seguinte declara\u00e7\u00e3o de privacidade.<\/p>\n<h2>2. Hospedagem<\/h2>\n<h3>Hospedagem Externa<\/h3>\n<p>Este site \u00e9 hospedado externamente. Os dados pessoais coletados neste site s\u00e3o armazenados nos servidores do provedor de hospedagem. Esses dados podem incluir, principalmente, endere\u00e7os IP, solicita\u00e7\u00f5es de contato, dados meta e de comunica\u00e7\u00e3o, dados contratuais, dados de contato, nomes, acessos ao site e outros dados gerados por um site.<\/p>\n<p>A hospedagem externa \u00e9 realizada com o objetivo de cumprir contratos com nossos clientes potenciais e existentes (Art. 6, \u00a71, lit. b GDPR) e no interesse de uma disponibiliza\u00e7\u00e3o segura, r\u00e1pida e eficiente de nosso servi\u00e7o online por um fornecedor profissional (Art. 6, \u00a71, lit. f GDPR). Se uma permiss\u00e3o foi solicitada, o processamento ocorre exclusivamente com base no Art. 6, \u00a71, lit. a GDPR e \u00a7 25, \u00a71 TDDG, quando o consentimento inclui o armazenamento de cookies ou o acesso a informa\u00e7\u00f5es no dispositivo final do usu\u00e1rio (por exemplo, impress\u00e3o digital de dispositivo) conforme o TDDG. O consentimento pode ser revogado a qualquer momento.<\/p>\n<h4>Processamento por Contrato<\/h4>\n<p>Firmamos um contrato de processamento de dados (AVV) para o uso do servi\u00e7o mencionado acima. Este \u00e9 um contrato exigido pela legisla\u00e7\u00e3o de prote\u00e7\u00e3o de dados que garante que os dados pessoais dos visitantes do nosso site sejam processados apenas de acordo com nossas instru\u00e7\u00f5es e em conformidade com o GDPR.<\/p>\n<h2>3. Informa\u00e7\u00f5es Gerais e Obriga\u00e7\u00f5es Legais<\/h2>\n<h3>Prote\u00e7\u00e3o de Dados<\/h3>\n<p>Os operadores deste site levam a s\u00e9rio a prote\u00e7\u00e3o dos seus dados pessoais. Tratamos seus dados pessoais de forma confidencial e de acordo com as regulamenta\u00e7\u00f5es legais de prote\u00e7\u00e3o de dados e com esta declara\u00e7\u00e3o de privacidade.<\/p>\n<p>Ao usar este site, v\u00e1rios dados pessoais s\u00e3o coletados. Dados pessoais s\u00e3o aqueles que podem ser usados para identificar voc\u00ea pessoalmente. A presente declara\u00e7\u00e3o de privacidade explica quais dados coletamos e como os usamos. Tamb\u00e9m explica como e com qual finalidade isso ocorre.<\/p>\n<h3>Respons\u00e1vel pelo Processamento<\/h3>\n<p>A responsabilidade pelo processamento de dados neste site \u00e9 da:<\/p>\n<p>Bricks Affinity Gmbh<br \/>\n       Niels-Bohr-Stra\u00dfe 10c<br \/>\n       D-39106 Magdeburg<br \/>\n       Respons\u00e1vel: Patrick Tr\u00fcbe<\/p>\n<p>Telefone: +49 178 80 28 727<br \/>\n       E-mail: patrick.truebe@bricksaffinity.com<\/p>\n<h3>Per\u00edodo de Armazenamento<\/h3>\n<p>Se n\u00e3o for especificado um per\u00edodo de armazenamento espec\u00edfico nesta declara\u00e7\u00e3o de privacidade, seus dados pessoais ser\u00e3o armazenados at\u00e9 que a finalidade do processamento de dados deixe de existir. Se voc\u00ea solicitar a exclus\u00e3o ou revogar seu consentimento para o processamento de dados, seus dados ser\u00e3o exclu\u00eddos, a menos que tenhamos motivos legais para armazen\u00e1-los (por exemplo, prazos de reten\u00e7\u00e3o fiscal ou comercial). Nesse caso, a exclus\u00e3o ocorrer\u00e1 assim que os motivos cessarem.<\/p>\n<h3>Base Legal para o Processamento de Dados<\/h3>\n<p>Se voc\u00ea consentiu com o processamento de dados, processamos seus dados pessoais com base no Art. 6, \u00a71, lit. a GDPR ou no Art. 9, \u00a72, lit. a GDPR, caso categorias especiais de dados sejam processadas. Em caso de consentimento expresso para a transfer\u00eancia de dados pessoais para pa\u00edses terceiros, o processamento de dados tamb\u00e9m ocorre com base no Art. 49, \u00a71, lit. a GDPR.<\/p>\n<h3>Destinat\u00e1rios de Dados Pessoais<\/h3>\n<p>No \u00e2mbito de nossas atividades comerciais, trabalhamos com diferentes terceiros. Em alguns casos, a transfer\u00eancia de dados pessoais para essas entidades externas \u00e9 necess\u00e1ria. Apenas transferimos dados pessoais para terceiros quando isso for necess\u00e1rio para a execu\u00e7\u00e3o de um contrato, quando somos legalmente obrigados (por exemplo, repasse de dados para autoridades fiscais), quando temos um interesse leg\u00edtimo conforme o Art. 6, \u00a71, lit. f GDPR ou quando outra base legal permitir a transfer\u00eancia de dados.<\/p>\n<h3>Revoga\u00e7\u00e3o do Seu Consentimento<\/h3>\n<p>Muitos processos de processamento de dados s\u00f3 podem ser realizados com o seu consentimento expresso. Voc\u00ea pode revogar um consentimento previamente dado a qualquer momento. A legalidade do processamento dos dados at\u00e9 o momento da revoga\u00e7\u00e3o n\u00e3o ser\u00e1 afetada pela revoga\u00e7\u00e3o.<\/p>\n<h3>Direito de Oposi\u00e7\u00e3o contra a Coleta de Dados em Casos Especiais<\/h3>\n<p>Se o processamento de dados for realizado com base no Art. 6, \u00a71, lit. e ou f GDPR, voc\u00ea tem o direito de se opor a esse processamento a qualquer momento, por motivos relacionados \u00e0 sua situa\u00e7\u00e3o espec\u00edfica. Isso tamb\u00e9m se aplica \u00e0 cria\u00e7\u00e3o de perfis. A base legal do processamento dos dados \u00e9 mencionada nesta declara\u00e7\u00e3o de privacidade. Se voc\u00ea se opuser, n\u00e3o processaremos mais seus dados pessoais, a menos que possamos demonstrar motivos leg\u00edtimos imperiosos para o processamento que sobreponham seus direitos e liberdades ou que o processamento seja necess\u00e1rio para reivindicar, exercer ou defender direitos legais.<\/p>\n<h3>Direito de Reclama\u00e7\u00e3o na Autoridade de Supervis\u00e3o Competente<\/h3>\n<p>Em caso de viola\u00e7\u00f5es do GDPR, as partes afetadas t\u00eam o direito de apresentar uma reclama\u00e7\u00e3o \u00e0 autoridade de supervis\u00e3o competente, especialmente no estado-membro onde residem, trabalham ou onde ocorreu a viola\u00e7\u00e3o.<\/p>\n<h3>Direito \u00e0 Portabilidade de Dados<\/h3>\n<p>Voc\u00ea tem o direito de solicitar que dados que processamos automaticamente com base no seu consentimento ou para a execu\u00e7\u00e3o de um contrato sejam entregues a voc\u00ea ou a um terceiro em um formato comum e leg\u00edvel por m\u00e1quina.<\/p>\n<h3>Acesso, Corre\u00e7\u00e3o e Exclus\u00e3o<\/h3>\n<p>Voc\u00ea tem o direito de obter gratuitamente, a qualquer momento, informa\u00e7\u00f5es sobre seus dados pessoais armazenados, sua origem e destinat\u00e1rios, bem como a finalidade do processamento. Voc\u00ea tamb\u00e9m tem o direito de corrigir, bloquear ou excluir esses dados.<\/p>\n<p><\/body><br \/>\n<\/html><\/p>\n<\/div><\/div><\/div><\/div><\/div><\/p>\n","protected":false},"excerpt":{"rendered":"","protected":false},"author":1,"featured_media":0,"parent":0,"menu_order":0,"comment_status":"closed","ping_status":"open","template":"100-width.php","meta":{"footnotes":""},"class_list":["post-427","page","type-page","status-publish","hentry"],"_links":{"self":[{"href":"https:\/\/bricksaffinity.com\/pt-pt\/wp-json\/wp\/v2\/pages\/427","targetHints":{"allow":["GET"]}}],"collection":[{"href":"https:\/\/bricksaffinity.com\/pt-pt\/wp-json\/wp\/v2\/pages"}],"about":[{"href":"https:\/\/bricksaffinity.com\/pt-pt\/wp-json\/wp\/v2\/types\/page"}],"author":[{"embeddable":true,"href":"https:\/\/bricksaffinity.com\/pt-pt\/wp-json\/wp\/v2\/users\/1"}],"replies":[{"embeddable":true,"href":"https:\/\/bricksaffinity.com\/pt-pt\/wp-json\/wp\/v2\/comments?post=427"}],"version-history":[{"count":2,"href":"https:\/\/bricksaffinity.com\/pt-pt\/wp-json\/wp\/v2\/pages\/427\/revisions"}],"predecessor-version":[{"id":429,"href":"https:\/\/bricksaffinity.com\/pt-pt\/wp-json\/wp\/v2\/pages\/427\/revisions\/429"}],"wp:attachment":[{"href":"https:\/\/bricksaffinity.com\/pt-pt\/wp-json\/wp\/v2\/media?parent=427"}],"curies":[{"name":"wp","href":"https:\/\/api.w.org\/{rel}","templated":true}]}}